{"id":810,"date":"2025-01-08T14:42:48","date_gmt":"2025-01-08T14:42:48","guid":{"rendered":"https:\/\/preprod.dataperspective.fr\/?page_id=810"},"modified":"2025-03-19T13:41:59","modified_gmt":"2025-03-19T13:41:59","slug":"nos-valeurs","status":"publish","type":"page","link":"https:\/\/www.dataperspective.fr\/index.php\/nos-valeurs\/","title":{"rendered":"Nos Valeurs"},"content":{"rendered":"\n<div class=\"wp-block-stackable-columns alignfull stk-block-columns stk-block stk-3e9e727 stk-block-background stk--has-background-overlay\" data-block-id=\"3e9e727\"><style>.stk-3e9e727 {background-color:#ffffff !important;background-image:url(https:\/\/preprod.dataperspective.fr\/wp-content\/uploads\/2025\/01\/shutterstock_2101939234comprese-scaled.jpg) !important;min-height:10vh !important;align-items:center !important;padding-bottom:130px !important;margin-bottom:0px !important;display:flex !important;}.stk-3e9e727:before{background-color:#ffffff !important;opacity:0 !important;}@media screen and (max-width:999px){.stk-3e9e727 {padding-top:150px !important;padding-bottom:80px !important;}}<\/style><div class=\"stk-row stk-inner-blocks stk-block-content stk-content-align stk-3e9e727-column alignfull\"><\/div><\/div>\n\n\n\n<div class=\"wp-block-stackable-columns stk-block-columns stk-block stk-e56d57c\" data-block-id=\"e56d57c\"><style>.stk-e56d57c {margin-bottom:0px !important;}.stk-e56d57c-column{--stk-column-gap:100px !important;row-gap:100px !important;}@media screen and (max-width:999px){.stk-e56d57c-column{--stk-column-gap:50px !important;}}<\/style><div class=\"stk-row stk-inner-blocks stk-block-content stk-content-align stk-e56d57c-column\">\n<div class=\"wp-block-stackable-column stk-block-column stk-column stk-block stk-905c49c stk-block-background\" data-v=\"4\" data-block-id=\"905c49c\"><style>.stk-905c49c-container{margin-top:0px !important;margin-right:0px !important;margin-bottom:0px !important;margin-left:0px !important;}.stk-905c49c {align-self:center !important;background-color:var(u002du002dtheme-palette-color-6, #242a24) !important;padding-top:0px !important;padding-right:0px !important;padding-bottom:0px !important;padding-left:50px !important;overflow:visible !important;}.stk-905c49c:before{background-color:var(u002du002dtheme-palette-color-6, #242a24) !important;}.stk-905c49c .stk-container{overflow:visible !important;}@media screen and (min-width:690px) and (max-width:999px){.stk-905c49c {flex:var(--stk-flex-grow, 1) 1 calc(55% - var(--stk-column-gap, 0px) * 1 \/ 2 ) !important;}}<\/style><div class=\"stk-column-wrapper stk-block-column__content stk-container stk-905c49c-container stk--no-background stk--no-padding\"><div class=\"stk-block-content stk-inner-blocks stk-905c49c-inner-blocks\">\n<figure class=\"wp-block-image size-full\"><img loading=\"lazy\" decoding=\"async\" width=\"518\" height=\"615\" src=\"https:\/\/www.dataperspective.fr\/wp-content\/uploads\/2025\/01\/cropped-image-values-dp2.jpg\" alt=\"team working on an open space from diferent ages\" class=\"wp-image-941\" style=\"aspect-ratio:1;object-fit:cover\" srcset=\"https:\/\/www.dataperspective.fr\/wp-content\/uploads\/2025\/01\/cropped-image-values-dp2.jpg 518w, https:\/\/www.dataperspective.fr\/wp-content\/uploads\/2025\/01\/cropped-image-values-dp2-253x300.jpg 253w\" sizes=\"auto, (max-width: 518px) 100vw, 518px\" \/><\/figure>\n<\/div><\/div><\/div>\n\n\n\n<div class=\"wp-block-stackable-column stk-block-column stk-column stk-block stk-c7953f4\" data-v=\"4\" data-block-id=\"c7953f4\"><style>.stk-c7953f4-container{margin-top:0px !important;margin-right:0px !important;margin-bottom:0px !important;margin-left:0px !important;}.stk-c7953f4 {align-self:center !important;}@media screen and (min-width:690px) and (max-width:999px){.stk-c7953f4 {flex:var(--stk-flex-grow, 1) 1 calc(45% - var(--stk-column-gap, 0px) * 1 \/ 2 ) !important;}}<\/style><div class=\"stk-column-wrapper stk-block-column__content stk-container stk-c7953f4-container stk--no-background stk--no-padding\"><div class=\"has-text-align-center-mobile stk-block-content stk-inner-blocks stk-c7953f4-inner-blocks\">\n<p class=\"has-palette-color-4-color has-text-color has-link-color wp-elements-ebb4e3165053669e85d7c2643e6c954c\"><span style=\"color: var(--theme-palette-color-4, #28292a);\" class=\"stk-highlight\"><strong>Excellence<\/strong> \u2013 Pr\u00e9cision dans le travail et rigueur dans la gestion des donn\u00e9es essentielles de nos clients.<\/span><\/p>\n\n\n\n<p><span style=\"color: var(--theme-palette-color-4, #28292a);\" class=\"stk-highlight\"><strong>Engagement<\/strong> \u2013 Un service client irr\u00e9prochable, bas\u00e9 sur l\u2019\u00e9coute, la r\u00e9activit\u00e9 et l\u2019excellence.<\/span><\/p>\n\n\n\n<p><span style=\"color: var(--theme-palette-color-4, #28292a);\" class=\"stk-highlight\"><strong>Partage<\/strong> \u2013 Transmission des savoirs entre g\u00e9n\u00e9rations, gr\u00e2ce \u00e0 une compr\u00e9hension profonde des comp\u00e9tences et des savoir-faire.<\/span><\/p>\n\n\n\n<p><span style=\"color: #050505;\" class=\"stk-highlight\"><strong>Collaboration<\/strong> \u2013 Cr\u00e9ation de ponts entre g\u00e9n\u00e9rations pour enrichir mutuellement les comp\u00e9tences et favoriser l\u2019innovation.<\/span><\/p>\n\n\n\n<p><span style=\"color: var(--theme-palette-color-4, #28292a);\" class=\"stk-highlight\"><strong>Responsabilit\u00e9 sociale<\/strong> \u2013 Participation \u00e0 un mod\u00e8le \u00e9conomique \u00e9quitable, o\u00f9 la r\u00e9ussite de l\u2019entreprise profite aussi \u00e0 ses employ\u00e9s.<\/span><\/p>\n\n\n\n<p class=\"has-palette-color-4-color has-text-color has-link-color wp-elements-2e8e93b96740c8e7d65f1e8a7fbec5ef\"><strong>Solidarit\u00e9<\/strong> \u2013 Encouragement \u00e0 l\u2019entraide et au mentorat, o\u00f9 les employ\u00e9s exp\u00e9riment\u00e9s accompagnent les nouveaux dans un esprit de r\u00e9ciprocit\u00e9 et d\u2019\u00e9quilibre.<\/p>\n<\/div><\/div><\/div>\n<\/div><\/div>\n\n\n\n<div class=\"wp-block-stackable-spacer stk-block-spacer stk--no-padding stk-block stk-b12896b\" data-block-id=\"b12896b\"><style>.stk-b12896b {height:5px !important;}@media screen and (max-width:999px){.stk-b12896b {height:80px !important;}}<\/style><\/div>\n\n\n\n<div class=\"wp-block-stackable-spacer stk-block-spacer stk--no-padding stk-block stk-d18c301\" data-block-id=\"d18c301\"><style>.stk-d18c301 {height:5px !important;}@media screen and (max-width:999px){.stk-d18c301 {height:80px !important;}}<\/style><\/div>\n\n\n\n<div class=\"wp-block-buttons is-layout-flex wp-block-buttons-is-layout-flex\">\n<div class=\"wp-block-button\"><a class=\"wp-block-button__link wp-element-button\" href=\".\/index.php\/contact\/\">Nous sommes \u00e0 votre \u00e9coute<\/a><\/div>\n<\/div>\n\n\n\n<p><\/p>\n","protected":false},"excerpt":{"rendered":"<p>Excellence \u2013 Pr\u00e9cision dans le travail et rigueur dans la gestion des donn\u00e9es essentielles de nos clients. Engagement \u2013 Un service client irr\u00e9prochable, bas\u00e9 sur l\u2019\u00e9coute, la r\u00e9activit\u00e9 et l\u2019excellence. Partage \u2013 Transmission des savoirs entre g\u00e9n\u00e9rations, gr\u00e2ce \u00e0 une compr\u00e9hension profonde des comp\u00e9tences et des savoir-faire. Collaboration \u2013 Cr\u00e9ation de ponts entre g\u00e9n\u00e9rations pour [&hellip;]<\/p>\n","protected":false},"author":1,"featured_media":0,"parent":0,"menu_order":0,"comment_status":"closed","ping_status":"closed","template":"","meta":{"_gspb_post_css":"","footnotes":""},"class_list":["post-810","page","type-page","status-publish","hentry"],"blocksy_meta":{"page_title_panel":"","has_hero_section":"disabled","f700678cfac4c19edaeae7a73ab1ab15":"","hero_section":"type-1","hero_elements":[{"id":"custom_title","enabled":true,"heading_tag":"h1","title":"Home"},{"id":"custom_description","enabled":true,"description_visibility":{"desktop":true,"tablet":true,"mobile":false}},{"id":"custom_meta","enabled":false,"meta_elements":[{"id":"author","enabled":true,"label":"By","has_author_avatar":"yes","avatar_size":25},{"id":"post_date","enabled":true,"label":"On","date_format_source":"default","date_format":"M j, Y"},{"id":"updated_date","enabled":false,"label":"On","date_format_source":"default","date_format":"M j, Y"},{"id":"categories","enabled":false,"label":"In","style":"simple"},{"id":"comments","enabled":true}],"page_meta_elements":{"joined":true,"articles_count":true,"comments":true}},{"id":"breadcrumbs","enabled":false}],"26ad57cea77fed65c89549070f86b5f9":"","hero_alignment1":"CT_CSS_SKIP_RULE","hero_margin":40,"hero_alignment2":"center","hero_vertical_alignment":"center","e884ab5584203220a36ece5722afc66d":"","hero_structure":"narrow","b77825b265ab11935728c1e208847986":"","page_title_bg_type":"featured_image","custom_hero_background":{"attachment_id":null},"page_title_image_size":"full","parallax":{"desktop":false,"tablet":false,"mobile":false},"ad8c06f5d63fd6a5a093456271a25a89":"","hero_height":"250px","pageTitleFont":{"family":"Default","variation":"Default","size":"30px","line-height":"CT_CSS_SKIP_RULE","letter-spacing":"CT_CSS_SKIP_RULE","text-transform":"CT_CSS_SKIP_RULE","text-decoration":"CT_CSS_SKIP_RULE"},"pageTitleFontColor":{"default":{"color":"CT_CSS_SKIP_RULEDEFAULT"}},"pageMetaFont":{"family":"Default","variation":"n6","size":"12px","line-height":"1.3","letter-spacing":"CT_CSS_SKIP_RULE","text-transform":"uppercase","text-decoration":"CT_CSS_SKIP_RULE"},"pageMetaFontColor":{"default":{"color":"CT_CSS_SKIP_RULEDEFAULT"},"hover":{"color":"CT_CSS_SKIP_RULEDEFAULT"}},"page_meta_button_type_font_colors":{"default":{"color":"CT_CSS_SKIP_RULEDEFAULT"},"hover":{"color":"CT_CSS_SKIP_RULEDEFAULT"}},"page_meta_button_type_background_colors":{"default":{"color":"CT_CSS_SKIP_RULEDEFAULT"},"hover":{"color":"CT_CSS_SKIP_RULEDEFAULT"}},"pageExcerptFont":{"family":"Default","variation":"Default","size":"CT_CSS_SKIP_RULE","line-height":"CT_CSS_SKIP_RULE","letter-spacing":"CT_CSS_SKIP_RULE","text-transform":"CT_CSS_SKIP_RULE","text-decoration":"CT_CSS_SKIP_RULE"},"pageExcerptColor":{"default":{"color":"CT_CSS_SKIP_RULEDEFAULT"}},"breadcrumbsFont":{"family":"Default","variation":"Default","size":"CT_CSS_SKIP_RULE","line-height":"CT_CSS_SKIP_RULE","letter-spacing":"CT_CSS_SKIP_RULE","text-transform":"CT_CSS_SKIP_RULE","text-decoration":"CT_CSS_SKIP_RULE"},"breadcrumbsFontColor":{"default":{"color":"CT_CSS_SKIP_RULEDEFAULT"},"initial":{"color":"CT_CSS_SKIP_RULEDEFAULT"},"hover":{"color":"CT_CSS_SKIP_RULEDEFAULT"}},"pageTitleOverlay":{"background_type":"color","background_pattern":"type-1","background_image":{"attachment_id":null,"x":0,"y":0},"gradient":"linear-gradient(135deg,rgba(6,147,227,1) 0%,rgb(155,81,224) 100%)","background_repeat":"repeat","background_size":"auto","background_attachment":"scroll","patternColor":{"default":{"color":"#e5e7ea"}},"overlayColor":{"default":{"color":"CT_CSS_SKIP_RULE"}},"backgroundColor":{"default":{"color":"CT_CSS_SKIP_RULE"}}},"pageTitleBackground":{"background_type":"color","background_pattern":"type-1","background_image":{"attachment_id":null,"x":0,"y":0},"gradient":"linear-gradient(135deg,rgba(6,147,227,1) 0%,rgb(155,81,224) 100%)","background_repeat":"repeat","background_size":"auto","background_attachment":"scroll","patternColor":{"default":{"color":"#e5e7ea"}},"overlayColor":{"default":{"color":"CT_CSS_SKIP_RULE"}},"backgroundColor":{"default":{"color":"var(--theme-palette-color-6)"}}},"pageTitlePadding":{"top":"50px","bottom":"50px","left":"auto","right":"auto","linked":true},"db7414a638ad699df1e364534332d70f":"","page_structure_type":"default","78ff6ba727e7b36633ff4fd21cc765ee":"","content_style_source":"inherit","content_style":"wide","vertical_spacing_source":"custom","content_area_spacing":"none","background":{"background_type":"color","background_pattern":"type-1","background_image":{"attachment_id":null,"x":0,"y":0},"gradient":"linear-gradient(135deg,rgba(6,147,227,1) 0%,rgb(155,81,224) 100%)","background_repeat":"repeat","background_size":"auto","background_attachment":"scroll","patternColor":{"default":{"color":"#e5e7ea"}},"overlayColor":{"default":{"color":"CT_CSS_SKIP_RULE"}},"backgroundColor":{"default":{"color":"CT_CSS_SKIP_RULE"}}},"content_background":{"background_type":"color","background_pattern":"type-1","background_image":{"attachment_id":null,"x":0,"y":0},"gradient":"linear-gradient(135deg,rgba(6,147,227,1) 0%,rgb(155,81,224) 100%)","background_repeat":"repeat","background_size":"auto","background_attachment":"scroll","patternColor":{"default":{"color":"#e5e7ea"}},"overlayColor":{"default":{"color":"CT_CSS_SKIP_RULE"}},"backgroundColor":{"default":{"color":"var(--theme-palette-color-8)"}}},"content_boxed_shadow":{"inherit":false,"blur":18,"spread":-6,"v_offset":12,"h_offset":0,"inset":false,"enable":true,"color":{"color":"rgba(34, 56, 101, 0.04)"}},"content_boxed_border":{"width":1,"style":"none","color":{"color":"rgba(44,62,80,0.2)"}},"content_boxed_radius":{"top":"3px","bottom":"3px","left":"3px","right":"3px","linked":true},"boxed_content_spacing":{"desktop":{"top":"40px","bottom":"40px","left":"40px","right":"40px","linked":true},"tablet":{"top":"35px","bottom":"35px","left":"35px","right":"35px","linked":true},"mobile":{"top":"20px","bottom":"20px","left":"20px","right":"20px","linked":true}},"16709d3cc6c757fcdc91fea65663a894":"","disable_featured_image":"no","disable_share_box":"no","disable_header":"no","disable_footer":"no","styles_descriptor":{"styles":{"desktop":"","tablet":"","mobile":""},"google_fonts":[],"version":6}},"yoast_head":"<!-- This site is optimized with the Yoast SEO plugin v24.9 - https:\/\/yoast.com\/wordpress\/plugins\/seo\/ -->\n<title>Nos Valeurs - Data Perspective<\/title>\n<meta name=\"robots\" content=\"index, follow, max-snippet:-1, max-image-preview:large, max-video-preview:-1\" \/>\n<link rel=\"canonical\" href=\"https:\/\/www.dataperspective.fr\/index.php\/nos-valeurs\/\" \/>\n<meta property=\"og:locale\" content=\"en_US\" \/>\n<meta property=\"og:type\" content=\"article\" \/>\n<meta property=\"og:title\" content=\"Nos Valeurs - Data Perspective\" \/>\n<meta property=\"og:description\" content=\"Excellence \u2013 Pr\u00e9cision dans le travail et rigueur dans la gestion des donn\u00e9es essentielles de nos clients. Engagement \u2013 Un service client irr\u00e9prochable, bas\u00e9 sur l\u2019\u00e9coute, la r\u00e9activit\u00e9 et l\u2019excellence. Partage \u2013 Transmission des savoirs entre g\u00e9n\u00e9rations, gr\u00e2ce \u00e0 une compr\u00e9hension profonde des comp\u00e9tences et des savoir-faire. Collaboration \u2013 Cr\u00e9ation de ponts entre g\u00e9n\u00e9rations pour [&hellip;]\" \/>\n<meta property=\"og:url\" content=\"https:\/\/www.dataperspective.fr\/index.php\/nos-valeurs\/\" \/>\n<meta property=\"og:site_name\" content=\"Data Perspective\" \/>\n<meta property=\"article:modified_time\" content=\"2025-03-19T13:41:59+00:00\" \/>\n<meta property=\"og:image\" content=\"https:\/\/www.dataperspective.fr\/wp-content\/uploads\/2025\/01\/cropped-image-values-dp2.jpg\" \/>\n<meta name=\"twitter:card\" content=\"summary_large_image\" \/>\n<meta name=\"twitter:label1\" content=\"Est. reading time\" \/>\n\t<meta name=\"twitter:data1\" content=\"1 minute\" \/>\n<script type=\"application\/ld+json\" class=\"yoast-schema-graph\">{\"@context\":\"https:\/\/schema.org\",\"@graph\":[{\"@type\":\"WebPage\",\"@id\":\"https:\/\/www.dataperspective.fr\/index.php\/nos-valeurs\/\",\"url\":\"https:\/\/www.dataperspective.fr\/index.php\/nos-valeurs\/\",\"name\":\"Nos Valeurs - Data Perspective\",\"isPartOf\":{\"@id\":\"https:\/\/www.dataperspective.fr\/#website\"},\"primaryImageOfPage\":{\"@id\":\"https:\/\/www.dataperspective.fr\/index.php\/nos-valeurs\/#primaryimage\"},\"image\":{\"@id\":\"https:\/\/www.dataperspective.fr\/index.php\/nos-valeurs\/#primaryimage\"},\"thumbnailUrl\":\"https:\/\/www.dataperspective.fr\/wp-content\/uploads\/2025\/01\/cropped-image-values-dp2.jpg\",\"datePublished\":\"2025-01-08T14:42:48+00:00\",\"dateModified\":\"2025-03-19T13:41:59+00:00\",\"breadcrumb\":{\"@id\":\"https:\/\/www.dataperspective.fr\/index.php\/nos-valeurs\/#breadcrumb\"},\"inLanguage\":\"en-US\",\"potentialAction\":[{\"@type\":\"ReadAction\",\"target\":[\"https:\/\/www.dataperspective.fr\/index.php\/nos-valeurs\/\"]}]},{\"@type\":\"ImageObject\",\"inLanguage\":\"en-US\",\"@id\":\"https:\/\/www.dataperspective.fr\/index.php\/nos-valeurs\/#primaryimage\",\"url\":\"https:\/\/www.dataperspective.fr\/wp-content\/uploads\/2025\/01\/cropped-image-values-dp2.jpg\",\"contentUrl\":\"https:\/\/www.dataperspective.fr\/wp-content\/uploads\/2025\/01\/cropped-image-values-dp2.jpg\",\"width\":518,\"height\":615,\"caption\":\"team working on an open space from diferent ages\"},{\"@type\":\"BreadcrumbList\",\"@id\":\"https:\/\/www.dataperspective.fr\/index.php\/nos-valeurs\/#breadcrumb\",\"itemListElement\":[{\"@type\":\"ListItem\",\"position\":1,\"name\":\"Home\",\"item\":\"https:\/\/www.dataperspective.fr\/\"},{\"@type\":\"ListItem\",\"position\":2,\"name\":\"Nos Valeurs\"}]},{\"@type\":\"WebSite\",\"@id\":\"https:\/\/www.dataperspective.fr\/#website\",\"url\":\"https:\/\/www.dataperspective.fr\/\",\"name\":\"Data Perspective\",\"description\":\"\",\"publisher\":{\"@id\":\"https:\/\/www.dataperspective.fr\/#organization\"},\"potentialAction\":[{\"@type\":\"SearchAction\",\"target\":{\"@type\":\"EntryPoint\",\"urlTemplate\":\"https:\/\/www.dataperspective.fr\/?s={search_term_string}\"},\"query-input\":{\"@type\":\"PropertyValueSpecification\",\"valueRequired\":true,\"valueName\":\"search_term_string\"}}],\"inLanguage\":\"en-US\"},{\"@type\":\"Organization\",\"@id\":\"https:\/\/www.dataperspective.fr\/#organization\",\"name\":\"Data Perspective\",\"url\":\"https:\/\/www.dataperspective.fr\/\",\"logo\":{\"@type\":\"ImageObject\",\"inLanguage\":\"en-US\",\"@id\":\"https:\/\/www.dataperspective.fr\/#\/schema\/logo\/image\/\",\"url\":\"https:\/\/www.dataperspective.fr\/wp-content\/uploads\/2025\/01\/dp-logo-path-01-1.png\",\"contentUrl\":\"https:\/\/www.dataperspective.fr\/wp-content\/uploads\/2025\/01\/dp-logo-path-01-1.png\",\"width\":2289,\"height\":709,\"caption\":\"Data Perspective\"},\"image\":{\"@id\":\"https:\/\/www.dataperspective.fr\/#\/schema\/logo\/image\/\"},\"sameAs\":[\"https:\/\/www.linkedin.com\/in\/charles-levy-dataperspective\/\"]}]}<\/script>\n<!-- \/ Yoast SEO plugin. -->","yoast_head_json":{"title":"Nos Valeurs - Data Perspective","robots":{"index":"index","follow":"follow","max-snippet":"max-snippet:-1","max-image-preview":"max-image-preview:large","max-video-preview":"max-video-preview:-1"},"canonical":"https:\/\/www.dataperspective.fr\/index.php\/nos-valeurs\/","og_locale":"en_US","og_type":"article","og_title":"Nos Valeurs - Data Perspective","og_description":"Excellence \u2013 Pr\u00e9cision dans le travail et rigueur dans la gestion des donn\u00e9es essentielles de nos clients. Engagement \u2013 Un service client irr\u00e9prochable, bas\u00e9 sur l\u2019\u00e9coute, la r\u00e9activit\u00e9 et l\u2019excellence. Partage \u2013 Transmission des savoirs entre g\u00e9n\u00e9rations, gr\u00e2ce \u00e0 une compr\u00e9hension profonde des comp\u00e9tences et des savoir-faire. Collaboration \u2013 Cr\u00e9ation de ponts entre g\u00e9n\u00e9rations pour [&hellip;]","og_url":"https:\/\/www.dataperspective.fr\/index.php\/nos-valeurs\/","og_site_name":"Data Perspective","article_modified_time":"2025-03-19T13:41:59+00:00","og_image":[{"url":"https:\/\/www.dataperspective.fr\/wp-content\/uploads\/2025\/01\/cropped-image-values-dp2.jpg","type":"","width":"","height":""}],"twitter_card":"summary_large_image","twitter_misc":{"Est. reading time":"1 minute"},"schema":{"@context":"https:\/\/schema.org","@graph":[{"@type":"WebPage","@id":"https:\/\/www.dataperspective.fr\/index.php\/nos-valeurs\/","url":"https:\/\/www.dataperspective.fr\/index.php\/nos-valeurs\/","name":"Nos Valeurs - Data Perspective","isPartOf":{"@id":"https:\/\/www.dataperspective.fr\/#website"},"primaryImageOfPage":{"@id":"https:\/\/www.dataperspective.fr\/index.php\/nos-valeurs\/#primaryimage"},"image":{"@id":"https:\/\/www.dataperspective.fr\/index.php\/nos-valeurs\/#primaryimage"},"thumbnailUrl":"https:\/\/www.dataperspective.fr\/wp-content\/uploads\/2025\/01\/cropped-image-values-dp2.jpg","datePublished":"2025-01-08T14:42:48+00:00","dateModified":"2025-03-19T13:41:59+00:00","breadcrumb":{"@id":"https:\/\/www.dataperspective.fr\/index.php\/nos-valeurs\/#breadcrumb"},"inLanguage":"en-US","potentialAction":[{"@type":"ReadAction","target":["https:\/\/www.dataperspective.fr\/index.php\/nos-valeurs\/"]}]},{"@type":"ImageObject","inLanguage":"en-US","@id":"https:\/\/www.dataperspective.fr\/index.php\/nos-valeurs\/#primaryimage","url":"https:\/\/www.dataperspective.fr\/wp-content\/uploads\/2025\/01\/cropped-image-values-dp2.jpg","contentUrl":"https:\/\/www.dataperspective.fr\/wp-content\/uploads\/2025\/01\/cropped-image-values-dp2.jpg","width":518,"height":615,"caption":"team working on an open space from diferent ages"},{"@type":"BreadcrumbList","@id":"https:\/\/www.dataperspective.fr\/index.php\/nos-valeurs\/#breadcrumb","itemListElement":[{"@type":"ListItem","position":1,"name":"Home","item":"https:\/\/www.dataperspective.fr\/"},{"@type":"ListItem","position":2,"name":"Nos Valeurs"}]},{"@type":"WebSite","@id":"https:\/\/www.dataperspective.fr\/#website","url":"https:\/\/www.dataperspective.fr\/","name":"Data Perspective","description":"","publisher":{"@id":"https:\/\/www.dataperspective.fr\/#organization"},"potentialAction":[{"@type":"SearchAction","target":{"@type":"EntryPoint","urlTemplate":"https:\/\/www.dataperspective.fr\/?s={search_term_string}"},"query-input":{"@type":"PropertyValueSpecification","valueRequired":true,"valueName":"search_term_string"}}],"inLanguage":"en-US"},{"@type":"Organization","@id":"https:\/\/www.dataperspective.fr\/#organization","name":"Data Perspective","url":"https:\/\/www.dataperspective.fr\/","logo":{"@type":"ImageObject","inLanguage":"en-US","@id":"https:\/\/www.dataperspective.fr\/#\/schema\/logo\/image\/","url":"https:\/\/www.dataperspective.fr\/wp-content\/uploads\/2025\/01\/dp-logo-path-01-1.png","contentUrl":"https:\/\/www.dataperspective.fr\/wp-content\/uploads\/2025\/01\/dp-logo-path-01-1.png","width":2289,"height":709,"caption":"Data Perspective"},"image":{"@id":"https:\/\/www.dataperspective.fr\/#\/schema\/logo\/image\/"},"sameAs":["https:\/\/www.linkedin.com\/in\/charles-levy-dataperspective\/"]}]}},"_links":{"self":[{"href":"https:\/\/www.dataperspective.fr\/index.php\/wp-json\/wp\/v2\/pages\/810","targetHints":{"allow":["GET"]}}],"collection":[{"href":"https:\/\/www.dataperspective.fr\/index.php\/wp-json\/wp\/v2\/pages"}],"about":[{"href":"https:\/\/www.dataperspective.fr\/index.php\/wp-json\/wp\/v2\/types\/page"}],"author":[{"embeddable":true,"href":"https:\/\/www.dataperspective.fr\/index.php\/wp-json\/wp\/v2\/users\/1"}],"replies":[{"embeddable":true,"href":"https:\/\/www.dataperspective.fr\/index.php\/wp-json\/wp\/v2\/comments?post=810"}],"version-history":[{"count":10,"href":"https:\/\/www.dataperspective.fr\/index.php\/wp-json\/wp\/v2\/pages\/810\/revisions"}],"predecessor-version":[{"id":1412,"href":"https:\/\/www.dataperspective.fr\/index.php\/wp-json\/wp\/v2\/pages\/810\/revisions\/1412"}],"wp:attachment":[{"href":"https:\/\/www.dataperspective.fr\/index.php\/wp-json\/wp\/v2\/media?parent=810"}],"curies":[{"name":"wp","href":"https:\/\/api.w.org\/{rel}","templated":true}]}}