{"id":1453,"date":"2025-06-16T16:24:54","date_gmt":"2025-06-16T16:24:54","guid":{"rendered":"https:\/\/www.dataperspective.fr\/?page_id=1453"},"modified":"2025-06-16T16:30:52","modified_gmt":"2025-06-16T16:30:52","slug":"apropos","status":"publish","type":"page","link":"https:\/\/www.dataperspective.fr\/index.php\/apropos\/","title":{"rendered":"Nous"},"content":{"rendered":"\n<div class=\"wp-block-stackable-columns stk-block-columns stk-block stk-e56d57c\" data-block-id=\"e56d57c\"><style>.stk-e56d57c {margin-bottom:13px !important;}.stk-e56d57c-column{--stk-column-gap:100px !important;row-gap:100px !important;}@media screen and (max-width:999px){.stk-e56d57c-column{--stk-column-gap:50px !important;}}<\/style><div class=\"stk-row stk-inner-blocks stk-block-content stk-content-align stk-e56d57c-column\">\n<div class=\"wp-block-stackable-column stk-block-column stk-column stk-block stk-905c49c stk-block-background\" data-v=\"4\" data-block-id=\"905c49c\"><style>.stk-905c49c-container{margin-top:0px !important;margin-right:0px !important;margin-bottom:0px !important;margin-left:0px !important;min-height:0px !important;max-width:565px !important;min-width:auto !important;}.stk-905c49c {align-self:center !important;background-color:var(--theme-palette-color-6, #242a24) !important;padding-top:0px !important;padding-right:0px !important;padding-bottom:0px !important;padding-left:50px !important;overflow:visible !important;}.stk-905c49c:before{background-color:var(--theme-palette-color-6, #242a24) !important;}.stk-905c49c .stk-container{overflow:visible !important;}@media screen and (min-width:690px){.stk-905c49c {flex:var(--stk-flex-grow, 1) 1 calc(49.4% - var(--stk-column-gap, 0px) * 1 \/ 2 ) !important;}}@media screen and (min-width:690px) and (max-width:999px){.stk-905c49c {flex:var(--stk-flex-grow, 1) 1 calc(55% - var(--stk-column-gap, 0px) * 1 \/ 2 ) !important;}}<\/style><div class=\"stk-column-wrapper stk-block-column__content stk-container stk-905c49c-container stk--no-background stk--no-padding\"><div class=\"has-text-align-left stk-block-content stk-inner-blocks stk-905c49c-inner-blocks\">\n<div class=\"wp-block-stackable-heading stk-block-heading stk-block-heading--v2 stk-block stk-ec46323\" data-block-id=\"ec46323\"><style>.stk-ec46323 {margin-bottom:0px !important;}<\/style><h2 class=\"stk-block-heading__text\"><\/h2><\/div>\n\n\n\n<figure class=\"wp-block-image size-large\"><img loading=\"lazy\" decoding=\"async\" width=\"796\" height=\"1024\" src=\"https:\/\/www.dataperspective.fr\/wp-content\/uploads\/2025\/01\/headshot-796x1024.jpg\" alt=\"Charles Levy picture\" class=\"wp-image-770\" style=\"aspect-ratio:1;object-fit:cover\" srcset=\"https:\/\/www.dataperspective.fr\/wp-content\/uploads\/2025\/01\/headshot-796x1024.jpg 796w, https:\/\/www.dataperspective.fr\/wp-content\/uploads\/2025\/01\/headshot-233x300.jpg 233w, https:\/\/www.dataperspective.fr\/wp-content\/uploads\/2025\/01\/headshot-768x987.jpg 768w, https:\/\/www.dataperspective.fr\/wp-content\/uploads\/2025\/01\/headshot.jpg 896w\" sizes=\"auto, (max-width: 796px) 100vw, 796px\" \/><\/figure>\n\n\n\n<h2 class=\"wp-block-heading\" id=\"notre-fondateur\">Notre fondateur<\/h2>\n\n\n\n<p><span style=\"color: var(--theme-palette-color-4, #28292a);\" class=\"stk-highlight\">Fort de plus de 20 ans d\u2019expertise dans la sauvegarde et la protection des donn\u00e9es, j\u2019ai fond\u00e9 Data Perspective en 2013 pour accompagner les entreprises dans la s\u00e9curisation de leurs infrastructures critiques.<br><span style=\"text-decoration: underline;\"><strong>Notre marque de fabrique <\/strong>:<\/span> une m\u00e9thodologie rigoureuse et \u00e9prouv\u00e9e apr\u00e8s chaque intervention, nous nous assurons que tout fonctionne comme pr\u00e9vu, que chaque d\u00e9tail a \u00e9t\u00e9 valid\u00e9, et que toutes les donn\u00e9es peuvent \u00eatre restaur\u00e9es avec pr\u00e9cision.<\/span><\/p>\n\n\n\n<p><span style=\"color: var(--theme-palette-color-4, #28292a);\" class=\"stk-highlight\">Chez Data Perspective, on s&#8217;assure que les syst\u00e8mes peuvent revenir \u00e0 un \u00e9tat op\u00e9rationnel suite aux incidents.<\/span><\/p>\n\n\n\n<p style=\"font-style:italic;font-weight:300\"><span style=\"color: var(--theme-palette-color-4, #28292a);\" class=\"stk-highlight\">Charles Levy<\/span><\/p>\n\n\n\n<hr class=\"wp-block-separator has-alpha-channel-opacity\"\/>\n<\/div><\/div><\/div>\n\n\n\n<div class=\"wp-block-stackable-column stk-block-column stk-column stk-block stk-c7953f4\" data-v=\"4\" data-block-id=\"c7953f4\"><style>.stk-c7953f4-container{margin-top:0px !important;margin-right:0px !important;margin-bottom:0px !important;margin-left:0px !important;}.stk-c7953f4 {align-self:center !important;}@media screen and (min-width:690px){.stk-c7953f4 {flex:var(--stk-flex-grow, 1) 1 calc(50.599999999999994% - var(--stk-column-gap, 0px) * 1 \/ 2 ) !important;}}@media screen and (min-width:690px) and (max-width:999px){.stk-c7953f4 {flex:var(--stk-flex-grow, 1) 1 calc(45% - var(--stk-column-gap, 0px) * 1 \/ 2 ) !important;}}<\/style><div class=\"stk-column-wrapper stk-block-column__content stk-container stk-c7953f4-container stk--no-background stk--no-padding\"><div class=\"has-text-align-center-mobile stk-block-content stk-inner-blocks stk-c7953f4-inner-blocks\">\n<div class=\"wp-block-stackable-heading stk-block-heading stk-block-heading--v2 stk-block stk-f8c17a8 stk-block-background\" id=\"notre-fondater\" data-block-id=\"f8c17a8\"><style>.stk-f8c17a8 {background-color:#ffffff !important;margin-bottom:20px !important;}.stk-f8c17a8:before{background-color:#ffffff !important;}.stk-f8c17a8 .stk-block-heading__text{color:#000000 !important;}<\/style><h2 class=\"stk-block-heading__text has-text-color\">Notre Vision<\/h2><\/div>\n\n\n\n<p class=\"has-text-align-left has-palette-color-4-color has-text-color has-link-color wp-elements-968d81fbab5ac294e1056478e80a766b\">Data Perspective imagine un monde o\u00f9 les donn\u00e9es sont sauvegard\u00e9s et o\u00f9 chaque g\u00e9n\u00e9ration contribue \u00e0 enrichir le savoir collectif. L\u2019organisation \u0153uvre pour un avenir durable en renfor\u00e7ant les liens interg\u00e9n\u00e9rationnels gr\u00e2ce au partage des comp\u00e9tences et des connaissances.<\/p>\n\n\n\n<div class=\"wp-block-stackable-heading stk-block-heading stk-block-heading--v2 stk-block stk-b75a5f8 stk-block-background\" id=\"notre-fondater\" data-block-id=\"b75a5f8\"><style>.stk-b75a5f8 {background-color:#ffffff !important;margin-bottom:20px !important;}.stk-b75a5f8:before{background-color:#ffffff !important;}.stk-b75a5f8 .stk-block-heading__text{color:#000000 !important;}<\/style><h2 class=\"stk-block-heading__text has-text-color\">Notre Mission<\/h2><\/div>\n\n\n\n<p class=\"has-palette-color-4-color has-text-color has-link-color wp-elements-e0fd72cd963fca524cafff19fbb7ebf9\">Data Perspective a pour mission de r\u00e9cup\u00e9rer et pr\u00e9server les donn\u00e9es essentielles de ses clients, en garantissant leur p\u00e9rennit\u00e9 et leur valeur. L\u2019organisation se donne \u00e9galement pour objectif d\u2019\u00eatre un incubateur de talents, en cultivant la compr\u00e9hension et la transmission des savoir-faire entre les g\u00e9n\u00e9rations.<\/p>\n\n\n\n<h2 class=\"wp-block-heading\" id=\"nos-valeurs\">     Nos Valeurs<\/h2>\n\n\n\n<p><span style=\"color: var(--theme-palette-color-4, #28292a);\" class=\"stk-highlight\">Nous pr\u00e9servons vos donn\u00e9es et valorisons les talents de demain. En combinant innovation et transmission interg\u00e9n\u00e9rationnelle, nous b\u00e2tissons un futur o\u00f9 savoirs et comp\u00e9tences se partagent pour un impact durable. D\u00e9couvrez comment notre approche \u00e0 pour objectif de contribuer \u00e0 un mod\u00e8le plus inclusif.<\/span> <a href=\"https:\/\/www.dataperspective.fr\/index.php\/nos-valeurs\/\">En savoir plus.<\/a><\/p>\n<\/div><\/div><\/div>\n<\/div><\/div>\n\n\n\n<h2 class=\"wp-block-heading\" id=\"notre-equipe\">Notre \u00e9quipe<\/h2>\n\n\n\n<div class=\"wp-block-columns is-layout-flex wp-container-core-columns-is-layout-1 wp-block-columns-is-layout-flex\">\n<div class=\"wp-block-column is-layout-flow wp-block-column-is-layout-flow\">\n<figure class=\"wp-block-image size-full is-resized\"><img loading=\"lazy\" decoding=\"async\" width=\"360\" height=\"360\" src=\"https:\/\/www.dataperspective.fr\/wp-content\/uploads\/2025\/06\/Leo-Attig-Carre2.jpg\" alt=\"\" class=\"wp-image-1455\" style=\"width:380px;height:auto\"\/><\/figure>\n\n\n\n<h2 class=\"wp-block-heading\" id=\"leo-attig\">L\u00e9o Attig<\/h2>\n\n\n\n<p><span style=\"color: var(--theme-palette-color-9, #1a5749);\" class=\"stk-highlight\"><strong>Ing\u00e9nieur logiciel form\u00e9 au d\u00e9veloppement d\u2019applications, je suis titulaire d\u2019un Master 2 en informatique.<\/strong><br>Chez <strong>Data-Perspective<\/strong>, j\u2019ai d\u2019abord assur\u00e9 le d\u00e9ploiement d&#8217;applications et la gestion des sauvegardes, ce qui m\u2019a permis d\u2019explorer un \u00e9cosyst\u00e8me technique vari\u00e9. Aujourd\u2019hui, je con\u00e7ois des syst\u00e8mes robustes en combinant rigueur et souci du d\u00e9tail. Passionn\u00e9 par le d\u00e9veloppement, je m\u2019investis pleinement dans chaque projet pour en garantir la qualit\u00e9.<\/span><\/p>\n<\/div>\n\n\n\n<div class=\"wp-block-column is-layout-flow wp-block-column-is-layout-flow\">\n<figure class=\"wp-block-image size-full is-resized\"><img loading=\"lazy\" decoding=\"async\" width=\"1738\" height=\"1738\" src=\"https:\/\/www.dataperspective.fr\/wp-content\/uploads\/2025\/06\/Enzo-22.jpg\" alt=\"\" class=\"wp-image-1457\" style=\"width:377px;height:auto\"\/><\/figure>\n\n\n\n<h2 class=\"wp-block-heading\" id=\"enzo-harty-de-pierrebourg\">Enzo Harty de Pierrebourg <\/h2>\n\n\n\n<p><span style=\"color: var(--theme-palette-color-9, #1a5749);\" class=\"stk-highlight\"><strong>Analyste infrastructure, je suis titulaire d\u2019un Master en cybers\u00e9curit\u00e9 et passionn\u00e9 de technologies depuis toujours.<\/strong><br>Depuis deux ans chez<strong> Data-Perspective<\/strong>, je veille \u00e0 la s\u00e9curit\u00e9 et \u00e0 la performance des syst\u00e8mes informatiques. Curieux et engag\u00e9, je trouve dans cette entreprise un terrain id\u00e9al pour explorer les multiples facettes du num\u00e9rique et continuer \u00e0 progresser dans mon m\u00e9tier.<\/span><\/p>\n<\/div>\n<\/div>\n\n\n\n<p><\/p>\n","protected":false},"excerpt":{"rendered":"<p>Notre fondateur Fort de plus de 20 ans d\u2019expertise dans la sauvegarde et la protection des donn\u00e9es, j\u2019ai fond\u00e9 Data Perspective en 2013 pour accompagner les entreprises dans la s\u00e9curisation de leurs infrastructures critiques.Notre marque de fabrique : une m\u00e9thodologie rigoureuse et \u00e9prouv\u00e9e apr\u00e8s chaque intervention, nous nous assurons que tout fonctionne comme pr\u00e9vu, que [&hellip;]<\/p>\n","protected":false},"author":1,"featured_media":0,"parent":0,"menu_order":0,"comment_status":"closed","ping_status":"closed","template":"","meta":{"_gspb_post_css":"","footnotes":""},"class_list":["post-1453","page","type-page","status-publish","hentry"],"blocksy_meta":{"page_title_panel":"","has_hero_section":"disabled","f700678cfac4c19edaeae7a73ab1ab15":"","hero_section":"type-1","hero_elements":[{"id":"custom_title","enabled":true,"heading_tag":"h1","title":"Home"},{"id":"custom_description","enabled":true,"description_visibility":{"desktop":true,"tablet":true,"mobile":false}},{"id":"custom_meta","enabled":false,"meta_elements":[{"id":"author","enabled":true,"label":"By","has_author_avatar":"yes","avatar_size":25},{"id":"post_date","enabled":true,"label":"On","date_format_source":"default","date_format":"M j, Y"},{"id":"updated_date","enabled":false,"label":"On","date_format_source":"default","date_format":"M j, Y"},{"id":"categories","enabled":false,"label":"In","style":"simple"},{"id":"comments","enabled":true}],"page_meta_elements":{"joined":true,"articles_count":true,"comments":true}},{"id":"breadcrumbs","enabled":false}],"26ad57cea77fed65c89549070f86b5f9":"","hero_alignment1":"CT_CSS_SKIP_RULE","hero_margin":40,"hero_alignment2":"center","hero_vertical_alignment":"center","e884ab5584203220a36ece5722afc66d":"","hero_structure":"narrow","b77825b265ab11935728c1e208847986":"","page_title_bg_type":"featured_image","custom_hero_background":{"attachment_id":null},"page_title_image_size":"full","parallax":{"desktop":false,"tablet":false,"mobile":false},"ad8c06f5d63fd6a5a093456271a25a89":"","hero_height":"250px","pageTitleFont":{"family":"Default","variation":"Default","size":"30px","line-height":"CT_CSS_SKIP_RULE","letter-spacing":"CT_CSS_SKIP_RULE","text-transform":"CT_CSS_SKIP_RULE","text-decoration":"CT_CSS_SKIP_RULE"},"pageTitleFontColor":{"default":{"color":"CT_CSS_SKIP_RULEDEFAULT"}},"pageMetaFont":{"family":"Default","variation":"n6","size":"12px","line-height":"1.3","letter-spacing":"CT_CSS_SKIP_RULE","text-transform":"uppercase","text-decoration":"CT_CSS_SKIP_RULE"},"pageMetaFontColor":{"default":{"color":"CT_CSS_SKIP_RULEDEFAULT"},"hover":{"color":"CT_CSS_SKIP_RULEDEFAULT"}},"page_meta_button_type_font_colors":{"default":{"color":"CT_CSS_SKIP_RULEDEFAULT"},"hover":{"color":"CT_CSS_SKIP_RULEDEFAULT"}},"page_meta_button_type_background_colors":{"default":{"color":"CT_CSS_SKIP_RULEDEFAULT"},"hover":{"color":"CT_CSS_SKIP_RULEDEFAULT"}},"pageExcerptFont":{"family":"Default","variation":"Default","size":"CT_CSS_SKIP_RULE","line-height":"CT_CSS_SKIP_RULE","letter-spacing":"CT_CSS_SKIP_RULE","text-transform":"CT_CSS_SKIP_RULE","text-decoration":"CT_CSS_SKIP_RULE"},"pageExcerptColor":{"default":{"color":"CT_CSS_SKIP_RULEDEFAULT"}},"breadcrumbsFont":{"family":"Default","variation":"Default","size":"CT_CSS_SKIP_RULE","line-height":"CT_CSS_SKIP_RULE","letter-spacing":"CT_CSS_SKIP_RULE","text-transform":"CT_CSS_SKIP_RULE","text-decoration":"CT_CSS_SKIP_RULE"},"breadcrumbsFontColor":{"default":{"color":"CT_CSS_SKIP_RULEDEFAULT"},"initial":{"color":"CT_CSS_SKIP_RULEDEFAULT"},"hover":{"color":"CT_CSS_SKIP_RULEDEFAULT"}},"pageTitleOverlay":{"background_type":"color","background_pattern":"type-1","background_image":{"attachment_id":null,"x":0,"y":0},"gradient":"linear-gradient(135deg,rgba(6,147,227,1) 0%,rgb(155,81,224) 100%)","background_repeat":"repeat","background_size":"auto","background_attachment":"scroll","patternColor":{"default":{"color":"#e5e7ea"}},"overlayColor":{"default":{"color":"CT_CSS_SKIP_RULE"}},"backgroundColor":{"default":{"color":"CT_CSS_SKIP_RULE"}}},"pageTitleBackground":{"background_type":"color","background_pattern":"type-1","background_image":{"attachment_id":null,"x":0,"y":0},"gradient":"linear-gradient(135deg,rgba(6,147,227,1) 0%,rgb(155,81,224) 100%)","background_repeat":"repeat","background_size":"auto","background_attachment":"scroll","patternColor":{"default":{"color":"#e5e7ea"}},"overlayColor":{"default":{"color":"CT_CSS_SKIP_RULE"}},"backgroundColor":{"default":{"color":"var(--theme-palette-color-6)"}}},"pageTitlePadding":{"top":"50px","bottom":"50px","left":"auto","right":"auto","linked":true},"db7414a638ad699df1e364534332d70f":"","page_structure_type":"default","78ff6ba727e7b36633ff4fd21cc765ee":"","content_style_source":"inherit","content_style":"wide","vertical_spacing_source":"custom","content_area_spacing":"none","background":{"background_type":"color","background_pattern":"type-1","background_image":{"attachment_id":null,"x":0,"y":0},"gradient":"linear-gradient(135deg,rgba(6,147,227,1) 0%,rgb(155,81,224) 100%)","background_repeat":"repeat","background_size":"auto","background_attachment":"scroll","patternColor":{"default":{"color":"#e5e7ea"}},"overlayColor":{"default":{"color":"CT_CSS_SKIP_RULE"}},"backgroundColor":{"default":{"color":"CT_CSS_SKIP_RULE"}}},"content_background":{"background_type":"color","background_pattern":"type-1","background_image":{"attachment_id":null,"x":0,"y":0},"gradient":"linear-gradient(135deg,rgba(6,147,227,1) 0%,rgb(155,81,224) 100%)","background_repeat":"repeat","background_size":"auto","background_attachment":"scroll","patternColor":{"default":{"color":"#e5e7ea"}},"overlayColor":{"default":{"color":"CT_CSS_SKIP_RULE"}},"backgroundColor":{"default":{"color":"var(--theme-palette-color-8)"}}},"content_boxed_shadow":{"inherit":false,"blur":18,"spread":-6,"v_offset":12,"h_offset":0,"inset":false,"enable":true,"color":{"color":"rgba(34, 56, 101, 0.04)"}},"content_boxed_border":{"width":1,"style":"none","color":{"color":"rgba(44,62,80,0.2)"}},"content_boxed_radius":{"top":"3px","bottom":"3px","left":"3px","right":"3px","linked":true},"boxed_content_spacing":{"desktop":{"top":"40px","bottom":"40px","left":"40px","right":"40px","linked":true},"tablet":{"top":"35px","bottom":"35px","left":"35px","right":"35px","linked":true},"mobile":{"top":"20px","bottom":"20px","left":"20px","right":"20px","linked":true}},"16709d3cc6c757fcdc91fea65663a894":"","disable_featured_image":"no","disable_share_box":"no","disable_header":"no","disable_footer":"no","styles_descriptor":{"styles":{"desktop":"","tablet":"","mobile":""},"google_fonts":[],"version":6}},"yoast_head":"<!-- This site is optimized with the Yoast SEO plugin v24.9 - https:\/\/yoast.com\/wordpress\/plugins\/seo\/ -->\n<title>Nous - Data Perspective<\/title>\n<meta name=\"robots\" content=\"index, follow, max-snippet:-1, max-image-preview:large, max-video-preview:-1\" \/>\n<link rel=\"canonical\" href=\"https:\/\/www.dataperspective.fr\/index.php\/apropos\/\" \/>\n<meta property=\"og:locale\" content=\"en_US\" \/>\n<meta property=\"og:type\" content=\"article\" \/>\n<meta property=\"og:title\" content=\"Nous - Data Perspective\" \/>\n<meta property=\"og:description\" content=\"Notre fondateur Fort de plus de 20 ans d\u2019expertise dans la sauvegarde et la protection des donn\u00e9es, j\u2019ai fond\u00e9 Data Perspective en 2013 pour accompagner les entreprises dans la s\u00e9curisation de leurs infrastructures critiques.Notre marque de fabrique : une m\u00e9thodologie rigoureuse et \u00e9prouv\u00e9e apr\u00e8s chaque intervention, nous nous assurons que tout fonctionne comme pr\u00e9vu, que [&hellip;]\" \/>\n<meta property=\"og:url\" content=\"https:\/\/www.dataperspective.fr\/index.php\/apropos\/\" \/>\n<meta property=\"og:site_name\" content=\"Data Perspective\" \/>\n<meta property=\"article:modified_time\" content=\"2025-06-16T16:30:52+00:00\" \/>\n<meta property=\"og:image\" content=\"https:\/\/www.dataperspective.fr\/wp-content\/uploads\/2025\/01\/headshot-796x1024.jpg\" \/>\n<meta name=\"twitter:card\" content=\"summary_large_image\" \/>\n<meta name=\"twitter:label1\" content=\"Est. reading time\" \/>\n\t<meta name=\"twitter:data1\" content=\"3 minutes\" \/>\n<script type=\"application\/ld+json\" class=\"yoast-schema-graph\">{\"@context\":\"https:\/\/schema.org\",\"@graph\":[{\"@type\":\"WebPage\",\"@id\":\"https:\/\/www.dataperspective.fr\/index.php\/apropos\/\",\"url\":\"https:\/\/www.dataperspective.fr\/index.php\/apropos\/\",\"name\":\"Nous - Data Perspective\",\"isPartOf\":{\"@id\":\"https:\/\/www.dataperspective.fr\/#website\"},\"primaryImageOfPage\":{\"@id\":\"https:\/\/www.dataperspective.fr\/index.php\/apropos\/#primaryimage\"},\"image\":{\"@id\":\"https:\/\/www.dataperspective.fr\/index.php\/apropos\/#primaryimage\"},\"thumbnailUrl\":\"https:\/\/www.dataperspective.fr\/wp-content\/uploads\/2025\/01\/headshot-796x1024.jpg\",\"datePublished\":\"2025-06-16T16:24:54+00:00\",\"dateModified\":\"2025-06-16T16:30:52+00:00\",\"breadcrumb\":{\"@id\":\"https:\/\/www.dataperspective.fr\/index.php\/apropos\/#breadcrumb\"},\"inLanguage\":\"en-US\",\"potentialAction\":[{\"@type\":\"ReadAction\",\"target\":[\"https:\/\/www.dataperspective.fr\/index.php\/apropos\/\"]}]},{\"@type\":\"ImageObject\",\"inLanguage\":\"en-US\",\"@id\":\"https:\/\/www.dataperspective.fr\/index.php\/apropos\/#primaryimage\",\"url\":\"https:\/\/www.dataperspective.fr\/wp-content\/uploads\/2025\/01\/headshot.jpg\",\"contentUrl\":\"https:\/\/www.dataperspective.fr\/wp-content\/uploads\/2025\/01\/headshot.jpg\",\"width\":896,\"height\":1152,\"caption\":\"Charles Levy picture\"},{\"@type\":\"BreadcrumbList\",\"@id\":\"https:\/\/www.dataperspective.fr\/index.php\/apropos\/#breadcrumb\",\"itemListElement\":[{\"@type\":\"ListItem\",\"position\":1,\"name\":\"Home\",\"item\":\"https:\/\/www.dataperspective.fr\/\"},{\"@type\":\"ListItem\",\"position\":2,\"name\":\"Nous\"}]},{\"@type\":\"WebSite\",\"@id\":\"https:\/\/www.dataperspective.fr\/#website\",\"url\":\"https:\/\/www.dataperspective.fr\/\",\"name\":\"Data Perspective\",\"description\":\"\",\"publisher\":{\"@id\":\"https:\/\/www.dataperspective.fr\/#organization\"},\"potentialAction\":[{\"@type\":\"SearchAction\",\"target\":{\"@type\":\"EntryPoint\",\"urlTemplate\":\"https:\/\/www.dataperspective.fr\/?s={search_term_string}\"},\"query-input\":{\"@type\":\"PropertyValueSpecification\",\"valueRequired\":true,\"valueName\":\"search_term_string\"}}],\"inLanguage\":\"en-US\"},{\"@type\":\"Organization\",\"@id\":\"https:\/\/www.dataperspective.fr\/#organization\",\"name\":\"Data Perspective\",\"url\":\"https:\/\/www.dataperspective.fr\/\",\"logo\":{\"@type\":\"ImageObject\",\"inLanguage\":\"en-US\",\"@id\":\"https:\/\/www.dataperspective.fr\/#\/schema\/logo\/image\/\",\"url\":\"https:\/\/www.dataperspective.fr\/wp-content\/uploads\/2025\/01\/dp-logo-path-01-1.png\",\"contentUrl\":\"https:\/\/www.dataperspective.fr\/wp-content\/uploads\/2025\/01\/dp-logo-path-01-1.png\",\"width\":2289,\"height\":709,\"caption\":\"Data Perspective\"},\"image\":{\"@id\":\"https:\/\/www.dataperspective.fr\/#\/schema\/logo\/image\/\"},\"sameAs\":[\"https:\/\/www.linkedin.com\/in\/charles-levy-dataperspective\/\"]}]}<\/script>\n<!-- \/ Yoast SEO plugin. -->","yoast_head_json":{"title":"Nous - Data Perspective","robots":{"index":"index","follow":"follow","max-snippet":"max-snippet:-1","max-image-preview":"max-image-preview:large","max-video-preview":"max-video-preview:-1"},"canonical":"https:\/\/www.dataperspective.fr\/index.php\/apropos\/","og_locale":"en_US","og_type":"article","og_title":"Nous - Data Perspective","og_description":"Notre fondateur Fort de plus de 20 ans d\u2019expertise dans la sauvegarde et la protection des donn\u00e9es, j\u2019ai fond\u00e9 Data Perspective en 2013 pour accompagner les entreprises dans la s\u00e9curisation de leurs infrastructures critiques.Notre marque de fabrique : une m\u00e9thodologie rigoureuse et \u00e9prouv\u00e9e apr\u00e8s chaque intervention, nous nous assurons que tout fonctionne comme pr\u00e9vu, que [&hellip;]","og_url":"https:\/\/www.dataperspective.fr\/index.php\/apropos\/","og_site_name":"Data Perspective","article_modified_time":"2025-06-16T16:30:52+00:00","og_image":[{"url":"https:\/\/www.dataperspective.fr\/wp-content\/uploads\/2025\/01\/headshot-796x1024.jpg","type":"","width":"","height":""}],"twitter_card":"summary_large_image","twitter_misc":{"Est. reading time":"3 minutes"},"schema":{"@context":"https:\/\/schema.org","@graph":[{"@type":"WebPage","@id":"https:\/\/www.dataperspective.fr\/index.php\/apropos\/","url":"https:\/\/www.dataperspective.fr\/index.php\/apropos\/","name":"Nous - Data Perspective","isPartOf":{"@id":"https:\/\/www.dataperspective.fr\/#website"},"primaryImageOfPage":{"@id":"https:\/\/www.dataperspective.fr\/index.php\/apropos\/#primaryimage"},"image":{"@id":"https:\/\/www.dataperspective.fr\/index.php\/apropos\/#primaryimage"},"thumbnailUrl":"https:\/\/www.dataperspective.fr\/wp-content\/uploads\/2025\/01\/headshot-796x1024.jpg","datePublished":"2025-06-16T16:24:54+00:00","dateModified":"2025-06-16T16:30:52+00:00","breadcrumb":{"@id":"https:\/\/www.dataperspective.fr\/index.php\/apropos\/#breadcrumb"},"inLanguage":"en-US","potentialAction":[{"@type":"ReadAction","target":["https:\/\/www.dataperspective.fr\/index.php\/apropos\/"]}]},{"@type":"ImageObject","inLanguage":"en-US","@id":"https:\/\/www.dataperspective.fr\/index.php\/apropos\/#primaryimage","url":"https:\/\/www.dataperspective.fr\/wp-content\/uploads\/2025\/01\/headshot.jpg","contentUrl":"https:\/\/www.dataperspective.fr\/wp-content\/uploads\/2025\/01\/headshot.jpg","width":896,"height":1152,"caption":"Charles Levy picture"},{"@type":"BreadcrumbList","@id":"https:\/\/www.dataperspective.fr\/index.php\/apropos\/#breadcrumb","itemListElement":[{"@type":"ListItem","position":1,"name":"Home","item":"https:\/\/www.dataperspective.fr\/"},{"@type":"ListItem","position":2,"name":"Nous"}]},{"@type":"WebSite","@id":"https:\/\/www.dataperspective.fr\/#website","url":"https:\/\/www.dataperspective.fr\/","name":"Data Perspective","description":"","publisher":{"@id":"https:\/\/www.dataperspective.fr\/#organization"},"potentialAction":[{"@type":"SearchAction","target":{"@type":"EntryPoint","urlTemplate":"https:\/\/www.dataperspective.fr\/?s={search_term_string}"},"query-input":{"@type":"PropertyValueSpecification","valueRequired":true,"valueName":"search_term_string"}}],"inLanguage":"en-US"},{"@type":"Organization","@id":"https:\/\/www.dataperspective.fr\/#organization","name":"Data Perspective","url":"https:\/\/www.dataperspective.fr\/","logo":{"@type":"ImageObject","inLanguage":"en-US","@id":"https:\/\/www.dataperspective.fr\/#\/schema\/logo\/image\/","url":"https:\/\/www.dataperspective.fr\/wp-content\/uploads\/2025\/01\/dp-logo-path-01-1.png","contentUrl":"https:\/\/www.dataperspective.fr\/wp-content\/uploads\/2025\/01\/dp-logo-path-01-1.png","width":2289,"height":709,"caption":"Data Perspective"},"image":{"@id":"https:\/\/www.dataperspective.fr\/#\/schema\/logo\/image\/"},"sameAs":["https:\/\/www.linkedin.com\/in\/charles-levy-dataperspective\/"]}]}},"_links":{"self":[{"href":"https:\/\/www.dataperspective.fr\/index.php\/wp-json\/wp\/v2\/pages\/1453","targetHints":{"allow":["GET"]}}],"collection":[{"href":"https:\/\/www.dataperspective.fr\/index.php\/wp-json\/wp\/v2\/pages"}],"about":[{"href":"https:\/\/www.dataperspective.fr\/index.php\/wp-json\/wp\/v2\/types\/page"}],"author":[{"embeddable":true,"href":"https:\/\/www.dataperspective.fr\/index.php\/wp-json\/wp\/v2\/users\/1"}],"replies":[{"embeddable":true,"href":"https:\/\/www.dataperspective.fr\/index.php\/wp-json\/wp\/v2\/comments?post=1453"}],"version-history":[{"count":5,"href":"https:\/\/www.dataperspective.fr\/index.php\/wp-json\/wp\/v2\/pages\/1453\/revisions"}],"predecessor-version":[{"id":1462,"href":"https:\/\/www.dataperspective.fr\/index.php\/wp-json\/wp\/v2\/pages\/1453\/revisions\/1462"}],"wp:attachment":[{"href":"https:\/\/www.dataperspective.fr\/index.php\/wp-json\/wp\/v2\/media?parent=1453"}],"curies":[{"name":"wp","href":"https:\/\/api.w.org\/{rel}","templated":true}]}}